{"id":62,"date":"2022-07-22T15:46:33","date_gmt":"2022-07-22T15:46:33","guid":{"rendered":"https:\/\/distance-educator.erasmus.site\/?page_id=62"},"modified":"2022-12-02T12:25:51","modified_gmt":"2022-12-02T12:25:51","slug":"partnership","status":"publish","type":"page","link":"https:\/\/distance-educator.erasmus.site\/ro\/partnership\/","title":{"rendered":"Parteneriat"},"content":{"rendered":"<p><\/p>\n<h3><img fetchpriority=\"high\" decoding=\"async\" class=\"size-full wp-image-64 aligncenter\" src=\"https:\/\/distance-educator.erasmus.site\/wp-content\/uploads\/2022\/07\/dcu.png\" alt=\"\" width=\"300\" height=\"300\" srcset=\"https:\/\/distance-educator.erasmus.site\/wp-content\/uploads\/2022\/07\/dcu.png 300w, https:\/\/distance-educator.erasmus.site\/wp-content\/uploads\/2022\/07\/dcu-150x150.png 150w, https:\/\/distance-educator.erasmus.site\/wp-content\/uploads\/2022\/07\/dcu-24x24.png 24w, https:\/\/distance-educator.erasmus.site\/wp-content\/uploads\/2022\/07\/dcu-36x36.png 36w, https:\/\/distance-educator.erasmus.site\/wp-content\/uploads\/2022\/07\/dcu-48x48.png 48w\" sizes=\"(max-width: 300px) 100vw, 300px\" \/><\/h3>\n<h3 style=\"text-align: center;\">Universitatea \u201eDimitrie Cantemir\u201d din Targu Mure\u00ee, Rom\u00e2nia<\/h3>\n<p>Adresa: Strada Bodoni S\u00e1ndor, nr. 3-5, Targu Mure\u0219, RO<\/p>\n<p>Atestat\u0103 prin Legea nr. 136\/2005, publicat\u0103 \u00een Monitorul Oficial, nr. 434\/20.05.2005<\/p>\n<p>Universitatea a debutat \u00een domeniul educa\u021bional rom\u00e2nesc \u00een anul 1991, fiind prima universitate privat\u0103 din Transilvania \u0219i a doua din Rom\u00e2nia. Prin valorile pe care le promoveaz\u0103, Universitatea \u201eDimitrie Cantemir\u201d ocup\u0103 un loc semnificativ \u00een domeniul educa\u021bional-\u0219tiin\u021bific rom\u00e2nesc. DCU \u00ee\u0219i \u00eendreapt\u0103 eforturile spre linia contextului european, viz\u00e2nd formarea \u0219i dezvoltarea unei Rom\u00e2nii democratice \u00een cadrul procesului de globalizare, oferind un spa\u021biu liber de dezvoltare intelectual\u0103 \u0219i cre\u00e2nd un cadru favorabil contactului \u00eentre elevii de diferite etnii. DCU \u00eencurajeaz\u0103 cele mai \u00eenalte aspira\u021bii, at\u00e2t \u00een \u200b\u200br\u00e2ndul profesorilor, c\u00e2t \u0219i al studen\u021bilor, provoc\u00e2ndu-le \u00eentr-o continu\u0103 c\u0103utare cultural\u0103.<\/p>\n<p>Cunosc\u00e2nd o dezvoltare continu\u0103, Universitatea s-a ad\u0103ugat la prima facultate \u00eenfiin\u021bat\u0103<\/p>\n<p>&#8211; Facultatea de Drept, cu specializarea Drept,<\/p>\n<p>Noi linii de dezvoltare universitar\u0103:<br \/>\n&#8211; Facultatea de Economie cu dou\u0103 specializ\u0103ri: Finan\u021be-B\u0103nci \u0219i Economia Comer\u021bului, Turismului \u0219i Serviciilor<br \/>\n&#8211; Facultatea de Psihologie \u0219i \u0218tiin\u021be ale Educa\u021biei cu specializarea: Psihologie<br \/>\n&#8211; Facultatea de Geografie cu specializarea Geografie Turismului.<br \/>\n&#8211; \u00cencep\u00e2nd cu anul 2017, prin HG nr. 615\/2017, Facultatea de Medicin\u0103 Dentar\u0103, \u0219i Facultatea de Balneo \u2013 kinetoterapie \u0219i Recuperare Medical\u0103 au fost autorizate \u00een cadrul Universit\u0103\u021bii \u201eDimitrie Cantemir\u201d din T\u00e2rgu Mure\u0219 cu misiunea de a forma speciali\u0219ti \u00een acest domeniu.<\/p>\n<p>Departamente<br \/>\n&#8211; Departamentul de Formare a Profesorilor \u2013 DPPD<br \/>\n&#8211; Departamentul de Formare Profesional\u0103 \u0219i Studii Postuniversitare<br \/>\n&#8211; Departamentul Strategii, Programe si Proiecte<\/p>\n<p>Universitatea \u201eDimitrie Cantemir\u201d din T\u00e2rgu-Mure\u0219 este acreditat\u0103 institu\u021bional de Parlamentul Rom\u00e2niei \u0219i evaluat\u0103 periodic de AHPGS, evaluator german al calit\u0103\u021bii \u00eenv\u0103\u021b\u0103m\u00e2ntului superior.<\/p>\n<p>Manager proiect: Conf. Univ.dr. Sorina-Mihaela B\u0102LAN<\/p>\n<p>&nbsp;<\/p>\n<p><a href=\"https:\/\/en.cantemir.ro\/departamente\/strategii-programe-si-proiecte\/\">https:\/\/en.cantemir.ro\/departamente\/strategii-programe-si-proiecte\/<\/a><\/p>\n<p><a href=\"mailto:bsorinamohaela@yahoo.com\">bsorinamohaela@yahoo.com<\/a>, <a href=\"mailto:proiecte@cantemir.ro\">proiecte@cantemir.ro<\/a><\/p>\n<p><strong>Site: <\/strong><\/p>\n<p>DCU &#8211; \u00a0<a href=\"https:\/\/en.cantemir.ro\/\">https:\/\/en.cantemir.ro\/<\/a><\/p>\n<p><a href=\"https:\/\/www.facebook.com\/cantemir.ro\/\">https:\/\/www.facebook.com\/cantemir.ro\/<\/a><\/p>\n<p><a href=\"https:\/\/www.instagram.com\/dimitrie_cantemir\/\">https:\/\/www.instagram.com\/dimitrie_cantemir\/<\/a><\/p>\n<hr \/>\n<h3><img decoding=\"async\" class=\"wp-image-65 size-full aligncenter\" src=\"https:\/\/distance-educator.erasmus.site\/wp-content\/uploads\/2022\/07\/danmar.png\" alt=\"\" width=\"300\" height=\"300\" srcset=\"https:\/\/distance-educator.erasmus.site\/wp-content\/uploads\/2022\/07\/danmar.png 300w, https:\/\/distance-educator.erasmus.site\/wp-content\/uploads\/2022\/07\/danmar-150x150.png 150w, https:\/\/distance-educator.erasmus.site\/wp-content\/uploads\/2022\/07\/danmar-24x24.png 24w, https:\/\/distance-educator.erasmus.site\/wp-content\/uploads\/2022\/07\/danmar-36x36.png 36w, https:\/\/distance-educator.erasmus.site\/wp-content\/uploads\/2022\/07\/danmar-48x48.png 48w\" sizes=\"(max-width: 300px) 100vw, 300px\" \/><\/h3>\n<h3 style=\"text-align: center;\"><strong>Danmar Computers &#8211; Polonia<br \/>\n<\/strong><\/h3>\n<p>Danmar Computers LLC este o companie privat\u0103 care activeaz\u0103 \u00een domeniul Tehnologiei Informa\u021biei \u0219i ofer\u0103 preg\u0103tire profesional\u0103 \u00een acest domeniu. Danmar are o vast\u0103 experien\u021b\u0103 \u00een dezvoltarea de aplica\u021bii web \u0219i mobile moderne care sunt utilizate \u00een scopuri educa\u021bionale. Danmar are, de asemenea, o experien\u021b\u0103 de lung\u0103 durat\u0103 \u00een realizarea de proiecte europene \u00een cadrul c\u0103rora personalul de cercetare \u0219i dezvoltare al companiei efectueaz\u0103 cercet\u0103ri \u0219i preg\u0103te\u0219te traininguri adaptate nevoilor diver\u0219ilor cursan\u021bi. Pe parcursul a 22 de ani, Danmar a implementat cu succes peste 100 de proiecte \u00een cadrul Grundtvig, Leonardo da Vinci, Progress \u0219i Erasmus+. \u00cen multe dintre aceste proiecte, Danmar a fost responsabil pentru proiectarea \u0219i coordonarea strategiilor de diseminare. Danmar Computers este dezvoltatorul \u0219i furnizorul AdminProject, sistemul online de management al proiectelor europene. Toate activitatile companiei se bazeaza pe o retea larga si bine stabilita de cooperare, at\u00e2t la nivel na\u021bional c\u00e2t \u0219i interna\u021bional. Re\u021belele na\u021bionale includ institu\u021bii de formare \u0219i consiliere, universit\u0103\u021bi, \u0219coli, organiza\u021bii neguvernamentale, precum \u0219i companii din sectorul privat. Re\u021belele interna\u021bionale includ parteneri de diferite profiluri care provin din fiecare \u021bar\u0103 a Uniunii Europene. Misiunea Danmar Computer este de promovare a educa\u021biei pe tot parcursul vie\u021bii \u0219i asigurarea accesului egal la educa\u021bie pentru toat\u0103 lumea, prin utilizarea tehnologiei moderne.<\/p>\n<p><strong>Site: <\/strong><\/p>\n<p><a href=\"https:\/\/danmar-computers.com.pl\">https:\/\/danmar-computers.com.pl<\/a><\/p>\n<p><strong>Social Media:<\/strong><\/p>\n<p>Facebook: <a href=\"https:\/\/www.facebook.com\/pages\/Danmar-Computers\/144597388897753\">https:\/\/www.facebook.com\/pages\/Danmar-Computers\/144597388897753<\/a><\/p>\n<p>LinkedIn: <a href=\"https:\/\/www.linkedin.com\/company\/danmar-computers\">https:\/\/www.linkedin.com\/company\/danmar-computers<\/a><\/p>\n<p>Twitter: <a href=\"https:\/\/twitter.com\/DanmarComputers\">https:\/\/twitter.com\/DanmarComputers<\/a><\/p>\n<hr \/>\n<h3><img decoding=\"async\" class=\"wp-image-67 size-full aligncenter\" src=\"https:\/\/distance-educator.erasmus.site\/wp-content\/uploads\/2022\/07\/grantx.png\" alt=\"\" width=\"300\" height=\"300\" srcset=\"https:\/\/distance-educator.erasmus.site\/wp-content\/uploads\/2022\/07\/grantx.png 300w, https:\/\/distance-educator.erasmus.site\/wp-content\/uploads\/2022\/07\/grantx-150x150.png 150w, https:\/\/distance-educator.erasmus.site\/wp-content\/uploads\/2022\/07\/grantx-24x24.png 24w, https:\/\/distance-educator.erasmus.site\/wp-content\/uploads\/2022\/07\/grantx-36x36.png 36w, https:\/\/distance-educator.erasmus.site\/wp-content\/uploads\/2022\/07\/grantx-48x48.png 48w\" sizes=\"(max-width: 300px) 100vw, 300px\" \/><\/h3>\n<h3 style=\"text-align: center;\"><strong>GrantXpert Consulting &#8211; Cipru<br \/>\n<\/strong><\/h3>\n<p>GrantXpert Consulting este o intreprindere mic\u0103\/ mijlocie din Cipru, cu o experien\u021b\u0103 acumulat\u0103 de peste 25 de ani \u00een programe de finan\u021bare europene \u0219i na\u021bionale. Echipa GrantXpert are o experien\u021b\u0103 vast\u0103 \u00een furnizarea de servicii de instruire \u0219i consultan\u021b\u0103 organiza\u021biilor locale \u0219i europene cu privire la fondurile disponibile, \u00een implementarea lucr\u0103rilor de cercetare pe teme antreprenoriale \u0219i alte teme educa\u021bionale \u0219i \u00een dezvoltarea de programe educa\u021bionale inovatoare.<\/p>\n<p>Compania a fost \u00eenfiin\u021bat\u0103 \u00een 2009, \u00een urma ob\u021binerii unui grant de start-up prin programul na\u021bional \u201eNoi femei antreprenoare\u201d. De atunci, compania a ajutat un num\u0103r mare de companii cipriote (private \u0219i publice), organiza\u021bii non-profit, organiza\u021bii de cercetare \u0219i academice \u0219i municipalit\u0103\u021bi s\u0103 primeasc\u0103 finan\u021bare din programele europene \u0219i na\u021bionale. Finan\u021barea ob\u021binut\u0103 de aceste organiza\u021bii ajut\u0103 la dezvoltarea de produse \u0219i servicii inovatoare pentru pie\u021bele interna\u021bionale, cre\u0219terea competitivit\u0103\u021bii acestora, cre\u0219terea \u00een continuare, implicarea \u00een proiecte de cercetare, implementarea practicilor inovatoare, \u00eembun\u0103t\u0103\u021birea calific\u0103rilor \u0219i abilit\u0103\u021bilor personalului \u0219i angajarea de noi angaja\u021bi. \u00cen ultimii 10 ani, GrantXpert a ajutat un num\u0103r de organiza\u021bii cipriote \u0219i din UE s\u0103 primeasc\u0103 peste 20 de milioane EUR din programele finan\u021bate.<\/p>\n<p><strong>Site<\/strong>: <a href=\"https:\/\/www.grantxpert.eu\/\">https:\/\/www.grantxpert.eu\/<\/a><\/p>\n<p>Social Media: <a href=\"https:\/\/www.facebook.com\/GrantXpert\/\">https:\/\/www.facebook.com\/GrantXpert\/<\/a><\/p>\n<p><a href=\"https:\/\/www.linkedin.com\/company\/grantxpert-consulting-ltd\/\">https:\/\/www.linkedin.com\/company\/grantxpert-consulting-ltd\/<\/a><\/p>\n<p><a href=\"https:\/\/www.instagram.com\/grantxpert\/?hl=en&amp;__coig_restricted=1\">https:\/\/www.instagram.com\/grantxpert\/?hl=en&amp;__coig_restricted=1<\/a><\/p>\n<hr \/>\n<h3><img loading=\"lazy\" decoding=\"async\" class=\"wp-image-68 size-full aligncenter\" src=\"https:\/\/distance-educator.erasmus.site\/wp-content\/uploads\/2022\/07\/vmu.png\" alt=\"\" width=\"300\" height=\"300\" srcset=\"https:\/\/distance-educator.erasmus.site\/wp-content\/uploads\/2022\/07\/vmu.png 300w, https:\/\/distance-educator.erasmus.site\/wp-content\/uploads\/2022\/07\/vmu-150x150.png 150w, https:\/\/distance-educator.erasmus.site\/wp-content\/uploads\/2022\/07\/vmu-24x24.png 24w, https:\/\/distance-educator.erasmus.site\/wp-content\/uploads\/2022\/07\/vmu-36x36.png 36w, https:\/\/distance-educator.erasmus.site\/wp-content\/uploads\/2022\/07\/vmu-48x48.png 48w\" sizes=\"(max-width: 300px) 100vw, 300px\" \/><\/h3>\n<h3 style=\"text-align: center;\"><strong>Vytautas Magnus university \u2013 Lithuania <\/strong><\/h3>\n<p><span class=\"HwtZe\" lang=\"ro\"><span class=\"jCAhz\"><span class=\"ryNqvb\">Universitatea Vytautas Magnus (VMU) este o universitate public\u0103 care a fost \u00eenfiin\u021bat\u0103 \u00een 1922. Nu numai c\u0103 hr\u0103ne\u0219te \u0219i pre\u021buie\u0219te tradi\u021bii ad\u00e2nc \u00eenr\u0103d\u0103cinate din trecut, dar este \u0219i o institu\u021bie intelectual\u0103 \u0219i cultural\u0103 proeminent\u0103 recunoscut\u0103 \u00een Lituania, regiunea baltic\u0103, Europa. , \u0219i restul lumii. Clasat\u0103 \u00een QS World University Rankings 2018 ca lider \u00een \u021bar\u0103 prin interna\u021bionalitate, VMU este singura institu\u021bie public\u0103 de \u00eenv\u0103\u021b\u0103m\u00e2nt superior din Lituania \u0219i una dintre pu\u021binele din regiune \u00een care se ofer\u0103 o educa\u021bie larg\u0103 \u00een domeniul artelor liberale. Universitatea efectueaz\u0103 cercet\u0103ri \u0219i studii \u00een \u0219tiin\u021be umaniste, sociale, fizice, biomedicale, tehnologice \u0219i agricole. Pe m\u0103sur\u0103 ce agricultura este din ce \u00een ce mai modernizat\u0103, digitalizat\u0103 \u0219i robotizat\u0103, concentr\u00e2ndu-se pe munca pe pie\u021bele globale. VMU este lider la nivel na\u021bional \u00een acest domeniu \u0219tiin\u021bific. VMU ofer\u0103 90 de programe de diplom\u0103, 26 de programe de licen\u021b\u0103 \u0219i master \u00een limba englez\u0103. Colaboreaz\u0103 cu peste 370 de universit\u0103\u021bi din \u00eentreaga lume, membre ale re\u021belelor \u0219i organiza\u021biilor interna\u021bionale (EUA, EAIE, EDEN, BSRUN, AABS, IEEE, AMS, NISPAcee, ECPR etc.). Academia de Agricultur\u0103 a VMU este o institu\u021bie de stat de \u00eenv\u0103\u021b\u0103m\u00e2nt superior \u0219i cercetare, care \u00ee\u0219i \u00eembun\u0103t\u0103\u021be\u0219te constant activitatea \u0219i r\u0103spunde celor mai \u00eenalte a\u0219tept\u0103ri ale nevoilor societ\u0103\u021bii. \u00cen prezent are peste 1617 studen\u021bi \u00eentr-o gam\u0103 larg\u0103 de programe de studii de biomedicin\u0103, tehnologii \u0219i \u0219tiin\u021be sociale. Este singura institu\u021bie de stat de \u00eenv\u0103\u021b\u0103m\u00e2nt superior \u0219i cercetare din Lituania care acord\u0103 diplome \u0219i grade la niveluri de doctorat, master \u0219i licen\u021b\u0103 \u00een domeniile \u0219tiin\u021belor alimenta\u021biei, agricultur\u0103, silvicultur\u0103, managementul resurselor de ap\u0103 \u0219i terenuri, bioenergie \u0219i inginerie mecanic\u0103, schimb\u0103ri climatice \u0219i utilizarea durabil\u0103 a resurselor naturale. Aceste diplome sunt recunoscute \u00een \u00eentreaga lume \u0219i au cel mai \u00eenalt standard de echivalen\u021b\u0103.<\/span><\/span><\/span><\/p>\n<p><strong>Site: <\/strong><\/p>\n<p>VMU &#8211; <a href=\"https:\/\/www.vdu.lt\/en\/\">https:\/\/www.vdu.lt\/en\/<\/a><\/p>\n<p>VMU Agriculture academy &#8211; <a href=\"https:\/\/zua.vdu.lt\/en\/\">https:\/\/zua.vdu.lt\/en\/<\/a><\/p>\n<p><strong>Social Media:<\/strong><\/p>\n<p>Facebook:<\/p>\n<p>VMU &#8211; <a href=\"https:\/\/www.facebook.com\/vytauto.didziojo.universitetas\">https:\/\/www.facebook.com\/vytauto.didziojo.universitetas<\/a><\/p>\n<p>VMU Agriculture academy &#8211; <a href=\"https:\/\/www.facebook.com\/VDU.zemes.ukio.akademija\">https:\/\/www.facebook.com\/VDU.zemes.ukio.akademija<\/a><\/p>\n<p>LinkedIn:<\/p>\n<p>VMU &#8211; <a href=\"https:\/\/www.linkedin.com\/school\/vytauto-did%C5%BEiojo-universitetas\/?fbclid=IwAR1Xile808_SpjKFdOt442ooO23DwEIp6oFo_6de2UK5WejcM8r7Enj2vFU\">https:\/\/www.linkedin.com\/school\/vytauto-did%C5%BEiojo-universitetas\/<\/a><\/p>\n<p>VMU Agriculture academy &#8211; <a href=\"https:\/\/www.linkedin.com\/company\/vdu-%C5%BEem%C4%97s-%C5%ABkio-akademija?fbclid=IwAR2xLAQbyyMqkdG7AmjToZNbkIf3A4eiwiSH2Ch8X1xJMQbYrIyMChtxjcE\">https:\/\/www.linkedin.com\/company\/vdu-%C5%BEem%C4%97s-%C5%ABkio-akademija<\/a><\/p>\n<hr \/>\n<h3><img loading=\"lazy\" decoding=\"async\" class=\"wp-image-70 size-full aligncenter\" src=\"https:\/\/distance-educator.erasmus.site\/wp-content\/uploads\/2022\/07\/ti-heraklon.png\" alt=\"\" width=\"300\" height=\"300\" srcset=\"https:\/\/distance-educator.erasmus.site\/wp-content\/uploads\/2022\/07\/ti-heraklon.png 300w, https:\/\/distance-educator.erasmus.site\/wp-content\/uploads\/2022\/07\/ti-heraklon-150x150.png 150w, https:\/\/distance-educator.erasmus.site\/wp-content\/uploads\/2022\/07\/ti-heraklon-24x24.png 24w, https:\/\/distance-educator.erasmus.site\/wp-content\/uploads\/2022\/07\/ti-heraklon-36x36.png 36w, https:\/\/distance-educator.erasmus.site\/wp-content\/uploads\/2022\/07\/ti-heraklon-48x48.png 48w\" sizes=\"(max-width: 300px) 100vw, 300px\" \/><\/h3>\n<h3 style=\"text-align: center;\"><strong>Institutul Tehnic al Camerei de Comer\u021b \u0219i Industrie Heraklion &#8211; Grecia<\/strong><\/h3>\n<p>Camera Heraklion www.ebeh.gr este una dintre cele mai mari Camere de comer\u021b din Grecia (una dintre primele cinci), reprezent\u00e2nd peste 20.000 de membri din toate sectoarele economiei locale. Institutul Tehnic al Camerei din Heraklion (TIHC) este o institu\u021bie autonom\u0103, non-profit, \u00eenfiin\u021bat\u0103 \u00een 1950 ca o companie fiic\u0103 a Camerei din Heraklion, cu un decret din Ministerul Economiei Na\u021bionale Greciei din 1950. \u00cen 2001, TIHC a fost certificat\u0103 ca periferic\u0103 profesional\u0103. Centru de formare pentru regiunea Creta.<br \/>\nPe scurt<br \/>\n\u2022 20.000 de membri de afaceri din toate sectoarele economiei locale<br \/>\n\u2022 60.000 de ore-stagiar pe an<br \/>\n\u2022 120 de programe educa\u021bionale diferite<br \/>\n\u2022 18 personal cu studii superioare (Ph.D., MSc., MBA)<br \/>\n\u2022 500 contractori cadre didactice<br \/>\n\u2022 10 s\u0103li de antrenament complet echipate cu 25 de locuri<br \/>\n\u2022 68 de ani de experien\u021b\u0103 \u00een VET<br \/>\n\u2022 6 Certificari in cunostinte de calculator, Limbi str\u0103ine, Sudare, Transport, manipulare alimente, siguran\u021b\u0103 \u00een munc\u0103<br \/>\n\u2022 Membru certificat EVS<br \/>\n\u2022 Furnizor cu experien\u021b\u0103 \u00een formarea \u0219i dezvoltarea abilit\u0103\u021bilor soft<br \/>\nCeea ce oferim:<br \/>\nTHIC www.katartisi.gr poate servi ca un partener excelent \u00een activit\u0103\u021bile de diseminare \u00een proiectele UE, inclusiv organizarea de congrese sau conferin\u021be pe insula Creta, dezvoltarea dinamic\u0103 a site-ului web. De asemenea, poate servi ca partener pentru educa\u021bia \u0219i formarea profesional\u0103 pe o varietate de subiecte, de la dezvoltarea abilit\u0103\u021bilor soft p\u00e2n\u0103 la formarea formatorilor de formare a adul\u021bilor.<\/p>\n<p>&nbsp;<\/p>\n<p><strong>Site: <\/strong><\/p>\n<p><a href=\"https:\/\/www.katartisi.gr\/en\/\">https:\/\/www.katartisi.gr\/en\/<\/a><\/p>\n<p><strong>Social Media:<\/strong><\/p>\n<p>Facebook: <a href=\"https:\/\/www.facebook.com\/KekTechnikesScholes\">https:\/\/www.facebook.com\/KekTechnikesScholes<\/a><\/p>\n<p>LinkedIn: <a href=\"https:\/\/tinyurl.com\/4knajay6\">https:\/\/tinyurl.com\/4knajay6<\/a><\/p>","protected":false},"excerpt":{"rendered":"<p>Universitatea \u201eDimitrie Cantemir\u201d din Targu Mure\u00ee, Rom\u00e2nia Adresa: Strada Bodoni S\u00e1ndor, nr. 3-5, Targu Mure\u0219, RO Atestat\u0103 prin Legea nr. 136\/2005, publicat\u0103 \u00een Monitorul Oficial, nr. 434\/20.05.2005 Universitatea a debutat \u00een domeniul educa\u021bional rom\u00e2nesc \u00een anul 1991, fiind prima universitate privat\u0103 din Transilvania \u0219i a doua din Rom\u00e2nia. Prin valorile pe care le promoveaz\u0103, Universitatea&hellip;&nbsp;<\/p>\n","protected":false},"author":1,"featured_media":0,"parent":0,"menu_order":0,"comment_status":"closed","ping_status":"closed","template":"","meta":{"neve_meta_sidebar":"","neve_meta_container":"","neve_meta_enable_content_width":"off","neve_meta_content_width":100,"neve_meta_title_alignment":"","neve_meta_author_avatar":"","neve_post_elements_order":"","neve_meta_disable_header":"","neve_meta_disable_footer":"","neve_meta_disable_title":"","footnotes":""},"class_list":["post-62","page","type-page","status-publish","hentry"],"_links":{"self":[{"href":"https:\/\/distance-educator.erasmus.site\/ro\/wp-json\/wp\/v2\/pages\/62","targetHints":{"allow":["GET"]}}],"collection":[{"href":"https:\/\/distance-educator.erasmus.site\/ro\/wp-json\/wp\/v2\/pages"}],"about":[{"href":"https:\/\/distance-educator.erasmus.site\/ro\/wp-json\/wp\/v2\/types\/page"}],"author":[{"embeddable":true,"href":"https:\/\/distance-educator.erasmus.site\/ro\/wp-json\/wp\/v2\/users\/1"}],"replies":[{"embeddable":true,"href":"https:\/\/distance-educator.erasmus.site\/ro\/wp-json\/wp\/v2\/comments?post=62"}],"version-history":[{"count":10,"href":"https:\/\/distance-educator.erasmus.site\/ro\/wp-json\/wp\/v2\/pages\/62\/revisions"}],"predecessor-version":[{"id":163,"href":"https:\/\/distance-educator.erasmus.site\/ro\/wp-json\/wp\/v2\/pages\/62\/revisions\/163"}],"wp:attachment":[{"href":"https:\/\/distance-educator.erasmus.site\/ro\/wp-json\/wp\/v2\/media?parent=62"}],"curies":[{"name":"wp","href":"https:\/\/api.w.org\/{rel}","templated":true}]}}