{"id":62,"date":"2022-07-22T15:46:33","date_gmt":"2022-07-22T15:46:33","guid":{"rendered":"https:\/\/distance-educator.erasmus.site\/?page_id=62"},"modified":"2022-12-02T12:25:51","modified_gmt":"2022-12-02T12:25:51","slug":"partnership","status":"publish","type":"page","link":"https:\/\/distance-educator.erasmus.site\/pl\/partnership\/","title":{"rendered":"Partnerzy"},"content":{"rendered":"<p><\/p>\n<h3><img fetchpriority=\"high\" decoding=\"async\" class=\"size-full wp-image-64 aligncenter\" src=\"https:\/\/distance-educator.erasmus.site\/wp-content\/uploads\/2022\/07\/dcu.png\" alt=\"\" width=\"300\" height=\"300\" srcset=\"https:\/\/distance-educator.erasmus.site\/wp-content\/uploads\/2022\/07\/dcu.png 300w, https:\/\/distance-educator.erasmus.site\/wp-content\/uploads\/2022\/07\/dcu-150x150.png 150w, https:\/\/distance-educator.erasmus.site\/wp-content\/uploads\/2022\/07\/dcu-24x24.png 24w, https:\/\/distance-educator.erasmus.site\/wp-content\/uploads\/2022\/07\/dcu-36x36.png 36w, https:\/\/distance-educator.erasmus.site\/wp-content\/uploads\/2022\/07\/dcu-48x48.png 48w\" sizes=\"(max-width: 300px) 100vw, 300px\" \/><\/h3>\n<h3 style=\"text-align: center;\">Dimitrie Cantemir University of Targu Mures &#8211; Rumunia<\/h3>\n<p>Adress: Strada Bodoni S\u00e1ndor 3-5, TarguMure\u0219, RO<\/p>\n<p>PO\u015aWIADCZONY na mocy ustawy nr 136\/2005, opublikowanej w Dzienniku Urz\u0119dowym nr. 434\/20.05.2005<\/p>\n<p>Uniwersytet zadebiutowa\u0142 w rumu\u0144skiej dziedzinie edukacji w 1991 roku, b\u0119d\u0105c pierwszym prywatnym uniwersytetem w Transylwanii i drugim w Rumunii. Poprzez warto\u015bci, kt\u00f3re promuje, Uniwersytet &#8222;Dimitrie Cantemir&#8221; zajmuje znacz\u0105ce miejsce w rumu\u0144skim polu edukacyjno-naukowym. DCU kieruje swoje wysi\u0142ki do linii kontekstu europejskiego, d\u0105\u017c\u0105c do formacji i rozwoju demokratycznej Rumunii w ramach procesu globalizacji, oferuj\u0105c woln\u0105 przestrze\u0144 dla rozwoju intelektualnego i tworz\u0105c korzystne ramy dla kontaktu mi\u0119dzy studentami r\u00f3\u017cnych narodowo\u015bci. DCU zach\u0119ca do najwy\u017cszych aspiracji, zar\u00f3wno w\u015br\u00f3d nauczycieli, jak i student\u00f3w, rzucaj\u0105c im wyzwanie w ci\u0105g\u0142ym poszukiwaniu kultury.<\/p>\n<p>Wiedz\u0105c o ci\u0105g\u0142ym rozwoju, Uniwersytet doda\u0142 do pierwszego utworzonego wydzia\u0142u<\/p>\n<p>&#8211; Wydzia\u0142 Prawa, ze specjalizacj\u0105 Prawo,<\/p>\n<p>Nowe kierunki rozwoju uczelni:<\/p>\n<p>&#8211; Wydzia\u0142 Ekonomiczny z dwoma specjalno\u015bciami: Finanse-Bankowo\u015b\u0107 oraz Ekonomika Handlu, Turystyki i Us\u0142ug<br \/>\n&#8211; Wydzia\u0142 Psychologii i Nauk o Wychowaniu ze specjalno\u015bci\u0105: Psychologia<br \/>\n&#8211; Wydzia\u0142 Geografii o specjalno\u015bci Geografia turystyczna.<br \/>\n&#8211; Od 2017 roku, na mocy G.D. nr 615\/2017, Wydzia\u0142 Stomatologii oraz Wydzia\u0142 Balneo &#8211; physio &#8211; kinetoterapii i Medical Recovery zosta\u0142y upowa\u017cnione w ramach Uniwersytetu &#8222;Dimitrie Cantemir&#8221; z T\u00e2rgu Mure\u0219 z misj\u0105 kszta\u0142cenia specjalist\u00f3w w tej dziedzinie.<\/p>\n<p>Wydzia\u0142y<\/p>\n<p>&#8211; Departament Szkolenia Nauczycieli &#8211; DPPD<br \/>\n&#8211; Wydzia\u0142 Szkolenia Zawodowego i Studi\u00f3w Podyplomowych<br \/>\n&#8211; Departament Strategii, Program\u00f3w i Projekt\u00f3w<\/p>\n<p>&#8222;Dimitrie Cantemir&#8221; University z T\u00e2rgu-Mure\u0219 jest instytucjonalnie akredytowany przez rumu\u0144ski parlament i okresowo oceniany przez AHPGS, niemieckiego ewaluatora jako\u015bci szkolnictwa wy\u017cszego.<\/p>\n<p>Kierownik projektu: Assoc.Prof.Ph.D. Sorina-Mihaela B\u0102LAN<\/p>\n<p><a href=\"https:\/\/en.cantemir.ro\/departamente\/strategii-programe-si-proiecte\/\">https:\/\/en.cantemir.ro\/departamente\/strategii-programe-si-proiecte\/<\/a><\/p>\n<p><a href=\"mailto:bsorinamohaela@yahoo.com\">bsorinamohaela@yahoo.com<\/a>, <a href=\"mailto:proiecte@cantemir.ro\">proiecte@cantemir.ro<\/a><\/p>\n<p><strong>Strona internetowa:<\/strong><\/p>\n<p>DCU &#8211; \u00a0<a href=\"https:\/\/en.cantemir.ro\/\">https:\/\/en.cantemir.ro\/<\/a><\/p>\n<p><a href=\"https:\/\/www.facebook.com\/cantemir.ro\/\">https:\/\/www.facebook.com\/cantemir.ro\/<\/a><\/p>\n<p><a href=\"https:\/\/www.instagram.com\/dimitrie_cantemir\/\">https:\/\/www.instagram.com\/dimitrie_cantemir\/<\/a><\/p>\n<hr \/>\n<h3><img decoding=\"async\" class=\"wp-image-65 size-full aligncenter\" src=\"https:\/\/distance-educator.erasmus.site\/wp-content\/uploads\/2022\/07\/danmar.png\" alt=\"\" width=\"300\" height=\"300\" srcset=\"https:\/\/distance-educator.erasmus.site\/wp-content\/uploads\/2022\/07\/danmar.png 300w, https:\/\/distance-educator.erasmus.site\/wp-content\/uploads\/2022\/07\/danmar-150x150.png 150w, https:\/\/distance-educator.erasmus.site\/wp-content\/uploads\/2022\/07\/danmar-24x24.png 24w, https:\/\/distance-educator.erasmus.site\/wp-content\/uploads\/2022\/07\/danmar-36x36.png 36w, https:\/\/distance-educator.erasmus.site\/wp-content\/uploads\/2022\/07\/danmar-48x48.png 48w\" sizes=\"(max-width: 300px) 100vw, 300px\" \/><\/h3>\n<h3 style=\"text-align: center;\"><strong>Danmar Computers &#8211; Polska<\/strong><\/h3>\n<p>Danmar Computers LLC jest prywatn\u0105 firm\u0105 dzia\u0142aj\u0105c\u0105 w dziedzinie technologii informacyjnej i prowadz\u0105c\u0105 szkolenia zawodowe w tym zakresie. Danmar posiada bogate do\u015bwiadczenie w tworzeniu nowoczesnych aplikacji internetowych i mobilnych, kt\u00f3re s\u0105 wykorzystywane do cel\u00f3w edukacyjnych. Danmar posiada r\u00f3wnie\u017c wieloletnie do\u015bwiadczenie w realizacji projekt\u00f3w europejskich, w ramach kt\u00f3rych pracownicy dzia\u0142u R&amp;D firmy prowadz\u0105 badania i przygotowuj\u0105 szkolenia dostosowane do potrzeb r\u00f3\u017cnych s\u0142uchaczy. W ci\u0105gu 22 lat Danmar z powodzeniem zrealizowa\u0142 ponad 100 projekt\u00f3w w ramach program\u00f3w Grundtvig, Leonardo da Vinci, Progress oraz Erasmus+. W wielu z tych projekt\u00f3w Danmar by\u0142 odpowiedzialny za projektowanie i koordynacj\u0119 strategii upowszechniania.<br \/>\nDanmar Computers jest tw\u00f3rc\u0105 i dostawc\u0105 AdminProject, systemu online do zarz\u0105dzania projektami europejskimi. Wszystkie dzia\u0142ania firmy oparte s\u0105 na szerokiej i dobrze rozwini\u0119tej sieci wsp\u00f3\u0142pracy, zar\u00f3wno na poziomie krajowym jak i mi\u0119dzynarodowym. Sieci krajowe obejmuj\u0105 instytucje szkoleniowe i doradcze, uniwersytety, szko\u0142y, organizacje pozarz\u0105dowe, jak r\u00f3wnie\u017c firmy z sektora prywatnego. Sieci mi\u0119dzynarodowe obejmuj\u0105 partner\u00f3w o r\u00f3\u017cnym profilu, pochodz\u0105cych z ka\u017cdego kraju Unii Europejskiej. Misj\u0105 Danmar Computers jest promocja edukacji przez ca\u0142e \u017cycie oraz zapewnienie r\u00f3wnego dost\u0119pu do edukacji dla wszystkich z wykorzystaniem nowoczesnych technologii.<\/p>\n<p><strong>Strona internetowa:<\/strong><\/p>\n<p><a href=\"https:\/\/danmar-computers.com.pl\">https:\/\/danmar-computers.com.pl<\/a><\/p>\n<p><strong>Social Media:<\/strong><\/p>\n<p>Facebook: <a href=\"https:\/\/www.facebook.com\/pages\/Danmar-Computers\/144597388897753\">https:\/\/www.facebook.com\/pages\/Danmar-Computers\/144597388897753<\/a><\/p>\n<p>LinkedIn: <a href=\"https:\/\/www.linkedin.com\/company\/danmar-computers\">https:\/\/www.linkedin.com\/company\/danmar-computers<\/a><\/p>\n<p>Twitter: <a href=\"https:\/\/twitter.com\/DanmarComputers\">https:\/\/twitter.com\/DanmarComputers<\/a><\/p>\n<hr \/>\n<h3><img decoding=\"async\" class=\"wp-image-67 size-full aligncenter\" src=\"https:\/\/distance-educator.erasmus.site\/wp-content\/uploads\/2022\/07\/grantx.png\" alt=\"\" width=\"300\" height=\"300\" srcset=\"https:\/\/distance-educator.erasmus.site\/wp-content\/uploads\/2022\/07\/grantx.png 300w, https:\/\/distance-educator.erasmus.site\/wp-content\/uploads\/2022\/07\/grantx-150x150.png 150w, https:\/\/distance-educator.erasmus.site\/wp-content\/uploads\/2022\/07\/grantx-24x24.png 24w, https:\/\/distance-educator.erasmus.site\/wp-content\/uploads\/2022\/07\/grantx-36x36.png 36w, https:\/\/distance-educator.erasmus.site\/wp-content\/uploads\/2022\/07\/grantx-48x48.png 48w\" sizes=\"(max-width: 300px) 100vw, 300px\" \/><\/h3>\n<h3 style=\"text-align: center;\"><strong>GrantXpert Consulting &#8211; Cypr<br \/>\n<\/strong><\/h3>\n<p>GrantXpert Consulting jest cypryjskim M\u015aP, ze skumulowanym do\u015bwiadczeniem ponad 25 lat w europejskich i krajowych programach finansowania. Zesp\u00f3\u0142 GrantXpert posiada rozleg\u0142e do\u015bwiadczenie w \u015bwiadczeniu us\u0142ug szkoleniowych i doradczych dla organizacji lokalnych i unijnych w zakresie dost\u0119pnych funduszy, w realizacji prac badawczych dotycz\u0105cych przedsi\u0119biorczo\u015bci i innych temat\u00f3w edukacyjnych oraz w opracowywaniu innowacyjnych program\u00f3w edukacyjnych.<\/p>\n<p>Firma powsta\u0142a w 2009 roku, po uzyskaniu dotacji na rozpocz\u0119cie dzia\u0142alno\u015bci przez krajowy program &#8222;Nowe kobiety przedsi\u0119biorcze&#8221;. Od tego czasu firma pomog\u0142a wielu cypryjskim (prywatnym i publicznym) firmom, organizacjom non-profit, organizacjom badawczym i akademickim oraz gminom w uzyskaniu finansowania z program\u00f3w europejskich i krajowych. Uzyskane przez te organizacje fundusze pomagaj\u0105 w opracowywaniu innowacyjnych produkt\u00f3w i us\u0142ug na rynki mi\u0119dzynarodowe, zwi\u0119kszaniu ich konkurencyjno\u015bci, dalszym rozwoju, anga\u017cowaniu si\u0119 w projekty badawcze, wdra\u017caniu innowacyjnych praktyk, podnoszeniu kwalifikacji i umiej\u0119tno\u015bci personelu oraz zatrudnianiu nowych pracownik\u00f3w. W ci\u0105gu ostatnich 10 lat GrantXpert pom\u00f3g\u0142 wielu cypryjskim i unijnym organizacjom otrzyma\u0107 ponad 20 milion\u00f3w euro z finansowanych program\u00f3w.<\/p>\n<p>Strona internetowa: <a href=\"https:\/\/www.grantxpert.eu\/\">https:\/\/www.grantxpert.eu\/<\/a><\/p>\n<p>Social Media: <a href=\"https:\/\/www.facebook.com\/GrantXpert\/\">https:\/\/www.facebook.com\/GrantXpert\/<\/a><\/p>\n<p><a href=\"https:\/\/www.linkedin.com\/company\/grantxpert-consulting-ltd\/\">https:\/\/www.linkedin.com\/company\/grantxpert-consulting-ltd\/<\/a><\/p>\n<p><a href=\"https:\/\/www.instagram.com\/grantxpert\/?hl=en&amp;__coig_restricted=1\">https:\/\/www.instagram.com\/grantxpert\/?hl=en&amp;__coig_restricted=1<\/a><\/p>\n<hr \/>\n<h3><img loading=\"lazy\" decoding=\"async\" class=\"wp-image-68 size-full aligncenter\" src=\"https:\/\/distance-educator.erasmus.site\/wp-content\/uploads\/2022\/07\/vmu.png\" alt=\"\" width=\"300\" height=\"300\" srcset=\"https:\/\/distance-educator.erasmus.site\/wp-content\/uploads\/2022\/07\/vmu.png 300w, https:\/\/distance-educator.erasmus.site\/wp-content\/uploads\/2022\/07\/vmu-150x150.png 150w, https:\/\/distance-educator.erasmus.site\/wp-content\/uploads\/2022\/07\/vmu-24x24.png 24w, https:\/\/distance-educator.erasmus.site\/wp-content\/uploads\/2022\/07\/vmu-36x36.png 36w, https:\/\/distance-educator.erasmus.site\/wp-content\/uploads\/2022\/07\/vmu-48x48.png 48w\" sizes=\"(max-width: 300px) 100vw, 300px\" \/><\/h3>\n<h3 style=\"text-align: center;\"><strong>Vytautas Magnus university \u2013 Litwa<\/strong><\/h3>\n<p>Uniwersytet Witolda Wielkiego (VMU) jest publicznym uniwersytetem za\u0142o\u017conym w 1922 roku. Nie tylko piel\u0119gnuje g\u0142\u0119boko zakorzenione tradycje przesz\u0142o\u015bci, ale tak\u017ce jest wybitn\u0105 instytucj\u0105 intelektualn\u0105 i kulturaln\u0105 rozpoznawan\u0105 na Litwie, w regionie ba\u0142tyckim, Europie i reszcie \u015bwiata. Uplasowany w QS World University Rankings 2018 jako lider w kraju przez swoj\u0105 mi\u0119dzynarodowo\u015b\u0107, VMU jest jedyn\u0105 publiczn\u0105 instytucj\u0105 szkolnictwa wy\u017cszego na Litwie i jedn\u0105 z niewielu w regionie, gdzie szeroka edukacja w zakresie sztuk wyzwolonych jest dost\u0119pna. Uniwersytet prowadzi badania i studia w zakresie nauk humanistycznych, spo\u0142ecznych, fizycznych, biomedycznych, technologicznych i rolniczych. Poniewa\u017c rolnictwo jest coraz bardziej zmodernizowane, zdigitalizowane i zrobotyzowane, z naciskiem na prac\u0119 na globalnych rynkach. VMU jest liderem na poziomie krajowym w tym obszarze naukowym. VMU oferuje 90 program\u00f3w studi\u00f3w, 26 BA i MA w pe\u0142nym wymiarze godzin w j\u0119zyku angielskim. Wsp\u00f3\u0142pracuje z ponad 370 uczelniami na ca\u0142ym \u015bwiecie, jest cz\u0142onkiem mi\u0119dzynarodowych sieci i organizacji (EUA, EAIE, EDEN, BSRUN, AABS, IEEE, AMS, NISPAcee, ECPR, itp.)<br \/>\nAkademia Rolnicza VMU jest pa\u0144stwow\u0105 instytucj\u0105 szkolnictwa wy\u017cszego i bada\u0144 naukowych, kt\u00f3ra stale doskonali swoj\u0105 dzia\u0142alno\u015b\u0107 i spe\u0142nia najwy\u017csze oczekiwania potrzeb spo\u0142ecze\u0144stwa. Obecnie kszta\u0142ci ponad 1617 student\u00f3w w szerokim zakresie program\u00f3w studi\u00f3w biomedycyny, technologii i nauk spo\u0142ecznych. Jest jedyn\u0105 pa\u0144stwow\u0105 instytucj\u0105 szkolnictwa wy\u017cszego i bada\u0144 naukowych na Litwie przyznaj\u0105c\u0105 dyplomy i stopnie naukowe na poziomie doktorskim, magisterskim i licencjackim w dziedzinie nauk o \u017cywno\u015bci, rolnictwa, le\u015bnictwa, zarz\u0105dzania zasobami wodnymi i gruntowymi, bioenergii i in\u017cynierii mechanicznej, zmian klimatycznych i zr\u00f3wnowa\u017conego wykorzystania zasob\u00f3w naturalnych. Stopnie te s\u0105 uznawane na ca\u0142ym \u015bwiecie i maj\u0105 najwy\u017cszy standard r\u00f3wnowa\u017cno\u015bci.<\/p>\n<p><strong>Strona internetowa:<\/strong><\/p>\n<p>VMU &#8211; <a href=\"https:\/\/www.vdu.lt\/en\/\">https:\/\/www.vdu.lt\/en\/<\/a><\/p>\n<p>VMU Agriculture academy &#8211; <a href=\"https:\/\/zua.vdu.lt\/en\/\">https:\/\/zua.vdu.lt\/en\/<\/a><\/p>\n<p><strong>Social Media:<\/strong><\/p>\n<p>Facebook:<\/p>\n<p>VMU &#8211; <a href=\"https:\/\/www.facebook.com\/vytauto.didziojo.universitetas\">https:\/\/www.facebook.com\/vytauto.didziojo.universitetas<\/a><\/p>\n<p>VMU Agriculture academy &#8211; <a href=\"https:\/\/www.facebook.com\/VDU.zemes.ukio.akademija\">https:\/\/www.facebook.com\/VDU.zemes.ukio.akademija<\/a><\/p>\n<p>LinkedIn:<\/p>\n<p>VMU &#8211; <a href=\"https:\/\/www.linkedin.com\/school\/vytauto-did%C5%BEiojo-universitetas\/?fbclid=IwAR1Xile808_SpjKFdOt442ooO23DwEIp6oFo_6de2UK5WejcM8r7Enj2vFU\">https:\/\/www.linkedin.com\/school\/vytauto-did%C5%BEiojo-universitetas\/<\/a><\/p>\n<p>VMU Agriculture academy &#8211; <a href=\"https:\/\/www.linkedin.com\/company\/vdu-%C5%BEem%C4%97s-%C5%ABkio-akademija?fbclid=IwAR2xLAQbyyMqkdG7AmjToZNbkIf3A4eiwiSH2Ch8X1xJMQbYrIyMChtxjcE\">https:\/\/www.linkedin.com\/company\/vdu-%C5%BEem%C4%97s-%C5%ABkio-akademija<\/a><\/p>\n<hr \/>\n<h3><img loading=\"lazy\" decoding=\"async\" class=\"wp-image-70 size-full aligncenter\" src=\"https:\/\/distance-educator.erasmus.site\/wp-content\/uploads\/2022\/07\/ti-heraklon.png\" alt=\"\" width=\"300\" height=\"300\" srcset=\"https:\/\/distance-educator.erasmus.site\/wp-content\/uploads\/2022\/07\/ti-heraklon.png 300w, https:\/\/distance-educator.erasmus.site\/wp-content\/uploads\/2022\/07\/ti-heraklon-150x150.png 150w, https:\/\/distance-educator.erasmus.site\/wp-content\/uploads\/2022\/07\/ti-heraklon-24x24.png 24w, https:\/\/distance-educator.erasmus.site\/wp-content\/uploads\/2022\/07\/ti-heraklon-36x36.png 36w, https:\/\/distance-educator.erasmus.site\/wp-content\/uploads\/2022\/07\/ti-heraklon-48x48.png 48w\" sizes=\"(max-width: 300px) 100vw, 300px\" \/><\/h3>\n<h3 style=\"text-align: center;\"><strong>Technical Institute of Heraklion Chamber of Commerce and Industry &#8211; Grecja<\/strong><\/h3>\n<p>Izba Heraklionu www.ebeh.gr jest jedn\u0105 z najwi\u0119kszych izb handlowych w Grecji (jedn\u0105 z pi\u0119ciu najwi\u0119kszych), licz\u0105c\u0105 ponad 20 000 cz\u0142onk\u00f3w ze wszystkich sektor\u00f3w lokalnej gospodarki. Instytut Techniczny Izby Heraklionu (TIHC) jest autonomiczn\u0105, niedochodow\u0105 instytucj\u0105, za\u0142o\u017con\u0105 w 1950 roku jako sp\u00f3\u0142ka c\u00f3rka Izby Heraklionu na mocy dekretu greckiego Ministerstwa Gospodarki Narodowej z 1950 roku. W 2001 roku TIHC zosta\u0142 certyfikowany jako peryferyjne Centrum Szkolenia Zawodowego dla Regionu Krety.<\/p>\n<p>W skr\u00f3cie<br \/>\n&#8211; 20,000 cz\u0142onk\u00f3w biznesowych z wszystkich sektor\u00f3w lokalnej gospodarki<br \/>\n&#8211; 60.000 godzin szkolenia rocznie<br \/>\n&#8211; 120 r\u00f3\u017cnych program\u00f3w edukacyjnych<br \/>\n&#8211; 18 wysoko wykszta\u0142conych pracownik\u00f3w (Ph.D., MSc., MBA)<br \/>\n&#8211; 500 pracownik\u00f3w dydaktycznych<br \/>\n&#8211; 10 w pe\u0142ni wyposa\u017conych sal szkoleniowych na 25 miejsc<br \/>\n&#8211; 68 lat do\u015bwiadczenia w VET<br \/>\n&#8211; 6 certyfikat\u00f3w z zakresu obs\u0142ugi komputera, j\u0119zyk\u00f3w obcych, spawania, transportu, obr\u00f3bki \u017cywno\u015bci, bezpiecze\u0144stwa pracy<br \/>\n&#8211; Certyfikowany cz\u0142onek EVS<br \/>\n&#8211; Do\u015bwiadczony dostawca w zakresie szkole\u0144 i rozwoju umiej\u0119tno\u015bci mi\u0119kkich<\/p>\n<p>Co oferujemy:<br \/>\nTHIC www.katartisi.gr mo\u017ce s\u0142u\u017cy\u0107 jako doskona\u0142y partner w zakresie dzia\u0142a\u0144 upowszechniaj\u0105cych w projektach unijnych, w tym organizacji kongresu lub konferencji na wyspie Kreta, dynamicznego rozwoju strony internetowej. Mo\u017ce r\u00f3wnie\u017c s\u0142u\u017cy\u0107 jako partner w kszta\u0142ceniu zawodowym i dostarczaniu szkole\u0144 w r\u00f3\u017cnych tematach, od rozwoju umiej\u0119tno\u015bci mi\u0119kkich do szkolenia trener\u00f3w w kszta\u0142ceniu doros\u0142ych.<\/p>\n<p><strong>Strona internetowa:<\/strong><\/p>\n<p><a href=\"https:\/\/www.katartisi.gr\/en\/\">https:\/\/www.katartisi.gr\/en\/<\/a><\/p>\n<p><strong>Social Media:<\/strong><\/p>\n<p>Facebook: <a href=\"https:\/\/www.facebook.com\/KekTechnikesScholes\">https:\/\/www.facebook.com\/KekTechnikesScholes<\/a><\/p>\n<p>LinkedIn: <a href=\"https:\/\/tinyurl.com\/4knajay6\">https:\/\/tinyurl.com\/4knajay6<\/a><\/p>","protected":false},"excerpt":{"rendered":"<p>Dimitrie Cantemir University of Targu Mures &#8211; Rumunia Adress: Strada Bodoni S\u00e1ndor 3-5, TarguMure\u0219, RO PO\u015aWIADCZONY na mocy ustawy nr 136\/2005, opublikowanej w Dzienniku Urz\u0119dowym nr. 434\/20.05.2005 Uniwersytet zadebiutowa\u0142 w rumu\u0144skiej dziedzinie edukacji w 1991 roku, b\u0119d\u0105c pierwszym prywatnym uniwersytetem w Transylwanii i drugim w Rumunii. Poprzez warto\u015bci, kt\u00f3re promuje, Uniwersytet &#8222;Dimitrie Cantemir&#8221; zajmuje znacz\u0105ce&hellip;&nbsp;<\/p>\n","protected":false},"author":1,"featured_media":0,"parent":0,"menu_order":0,"comment_status":"closed","ping_status":"closed","template":"","meta":{"neve_meta_sidebar":"","neve_meta_container":"","neve_meta_enable_content_width":"off","neve_meta_content_width":100,"neve_meta_title_alignment":"","neve_meta_author_avatar":"","neve_post_elements_order":"","neve_meta_disable_header":"","neve_meta_disable_footer":"","neve_meta_disable_title":"","footnotes":""},"class_list":["post-62","page","type-page","status-publish","hentry"],"_links":{"self":[{"href":"https:\/\/distance-educator.erasmus.site\/pl\/wp-json\/wp\/v2\/pages\/62","targetHints":{"allow":["GET"]}}],"collection":[{"href":"https:\/\/distance-educator.erasmus.site\/pl\/wp-json\/wp\/v2\/pages"}],"about":[{"href":"https:\/\/distance-educator.erasmus.site\/pl\/wp-json\/wp\/v2\/types\/page"}],"author":[{"embeddable":true,"href":"https:\/\/distance-educator.erasmus.site\/pl\/wp-json\/wp\/v2\/users\/1"}],"replies":[{"embeddable":true,"href":"https:\/\/distance-educator.erasmus.site\/pl\/wp-json\/wp\/v2\/comments?post=62"}],"version-history":[{"count":10,"href":"https:\/\/distance-educator.erasmus.site\/pl\/wp-json\/wp\/v2\/pages\/62\/revisions"}],"predecessor-version":[{"id":163,"href":"https:\/\/distance-educator.erasmus.site\/pl\/wp-json\/wp\/v2\/pages\/62\/revisions\/163"}],"wp:attachment":[{"href":"https:\/\/distance-educator.erasmus.site\/pl\/wp-json\/wp\/v2\/media?parent=62"}],"curies":[{"name":"wp","href":"https:\/\/api.w.org\/{rel}","templated":true}]}}