{"id":62,"date":"2022-07-22T15:46:33","date_gmt":"2022-07-22T15:46:33","guid":{"rendered":"https:\/\/distance-educator.erasmus.site\/?page_id=62"},"modified":"2022-12-02T12:25:51","modified_gmt":"2022-12-02T12:25:51","slug":"partnership","status":"publish","type":"page","link":"https:\/\/distance-educator.erasmus.site\/lt\/partnership\/","title":{"rendered":"Partneryst\u0117"},"content":{"rendered":"<p><\/p>\n<h3><img fetchpriority=\"high\" decoding=\"async\" class=\"size-full wp-image-64 aligncenter\" src=\"https:\/\/distance-educator.erasmus.site\/wp-content\/uploads\/2022\/07\/dcu.png\" alt=\"\" width=\"300\" height=\"300\" srcset=\"https:\/\/distance-educator.erasmus.site\/wp-content\/uploads\/2022\/07\/dcu.png 300w, https:\/\/distance-educator.erasmus.site\/wp-content\/uploads\/2022\/07\/dcu-150x150.png 150w, https:\/\/distance-educator.erasmus.site\/wp-content\/uploads\/2022\/07\/dcu-24x24.png 24w, https:\/\/distance-educator.erasmus.site\/wp-content\/uploads\/2022\/07\/dcu-36x36.png 36w, https:\/\/distance-educator.erasmus.site\/wp-content\/uploads\/2022\/07\/dcu-48x48.png 48w\" sizes=\"(max-width: 300px) 100vw, 300px\" \/><\/h3>\n<h3 style=\"text-align: center;\">Dimitrie Cantemir University of Targu Mures &#8211; Rumunija<\/h3>\n<p>Adresas: Strada Bodoni S\u00e1ndor 3-5, TarguMure\u0219, RO<\/p>\n<p>PATVIRTINTA \u012fstatymo nr. 136\/2005, paskelbta Oficialiame leidinyje nr. 434\/20.05.2005<\/p>\n<p>Universitetas Rumunijos \u0161vietimo srityje debiutavo 1991 m., b\u016bdamas pirmasis privatus universitetas Transilvanijoje ir antrasis Rumunijoje. Remdamasis vertyb\u0117mis, Dimitrie Cantemir universitetas u\u017eima svarbi\u0105 viet\u0105 Rumunijos \u0161vietimo-mokslo srityje. DCU nukreipia savo pastangas \u012f europinio konteksto linij\u0105, siekdamas formuoti ir vystyti demokratin\u0119 Rumunij\u0105 globalizacijos procese, si\u016blant laisv\u0105 erdv\u0119 intelektualiniam vystymuisi ir sukuriant palanki\u0105 aplink\u0105 \u012fvairi\u0173 etnini\u0173 grupi\u0173 student\u0173 kontaktams. DCU skatina auk\u0161\u010diausius siekius tiek tarp d\u0117stytoj\u0173, tiek tarp student\u0173, mesdamas jiems i\u0161\u0161\u016bk\u012f nuolatin\u0117se kult\u016bros paie\u0161kose.<\/p>\n<p>\u017dinodamas nuolatin\u012f vystym\u0105si, universitetas papild\u0117 pirm\u0105j\u012f \u012fkurt\u0105 fakultet\u0105<\/p>\n<p>-Teis\u0117s fakultetas, kurio specializacija &#8211; Teis\u0117<\/p>\n<p>Naujos universiteto pl\u0117tros kryptys:<\/p>\n<p>&#8211; Ekonomikos fakultetas su dviem specialyb\u0117mis: Finansai-Bankininkyst\u0117 ir Prekybos, Turizmo ir paslaug\u0173 ekonomika<br \/>\n&#8211; Psichologijos ir ugdymo moksl\u0173 fakultetas, kurio specializacija: psichologija<br \/>\n&#8211; Geografijos fakultetas, kurio specializacija yra turizmo geografija.<br \/>\n&#8211; Nuo 2017 m. G. D. Nr. 615\/2017, Odontologijos fakultetas ir Balneo \u2013 fizioterapijos \u2013 kinetoterapijos ir medicinin\u0117s atk\u016brimo fakultetas buvo \u012fgalioti Targu Mure\u0161o \u201eDimitrie Cantemir\u201c universitete, kuri\u0173 misija rengti \u0161ios srities specialistus.<\/p>\n<p>Skyriai<\/p>\n<p>&#8211; Pedagog\u0173 rengimo skyrius \u2013 DPPD<br \/>\n&#8211; Profesinio mokymo ir antrosios pakopos studij\u0173 skyrius<br \/>\n&#8211; Strategij\u0173, program\u0173 ir projekt\u0173 skyrius<\/p>\n<p>\u201eDimitrie Cantemir\u201c universitetas i\u0161 Targu-Mure\u0161o yra instituci\u0161kai akredituotas Rumunijos parlamento ir periodi\u0161kai vertinamas AHPGS, Vokietijos auk\u0161tojo mokslo kokyb\u0117s vertintojo.<\/p>\n<p>Projekto vadovas: Doc.Ph.D. Sorina-Mihaela B\u0102LAN<\/p>\n<p>&nbsp;<\/p>\n<p><a href=\"https:\/\/en.cantemir.ro\/departamente\/strategii-programe-si-proiecte\/\">https:\/\/en.cantemir.ro\/departamente\/strategii-programe-si-proiecte\/<\/a><\/p>\n<p><a href=\"mailto:bsorinamohaela@yahoo.com\">bsorinamohaela@yahoo.com<\/a>, <a href=\"mailto:proiecte@cantemir.ro\">proiecte@cantemir.ro<\/a><\/p>\n<p><strong>Website: <\/strong><\/p>\n<p>DCU &#8211; \u00a0<a href=\"https:\/\/en.cantemir.ro\/\">https:\/\/en.cantemir.ro\/<\/a><\/p>\n<p><a href=\"https:\/\/www.facebook.com\/cantemir.ro\/\">https:\/\/www.facebook.com\/cantemir.ro\/<\/a><\/p>\n<p><a href=\"https:\/\/www.instagram.com\/dimitrie_cantemir\/\">https:\/\/www.instagram.com\/dimitrie_cantemir\/<\/a><\/p>\n<hr \/>\n<h3><img decoding=\"async\" class=\"wp-image-65 size-full aligncenter\" src=\"https:\/\/distance-educator.erasmus.site\/wp-content\/uploads\/2022\/07\/danmar.png\" alt=\"\" width=\"300\" height=\"300\" srcset=\"https:\/\/distance-educator.erasmus.site\/wp-content\/uploads\/2022\/07\/danmar.png 300w, https:\/\/distance-educator.erasmus.site\/wp-content\/uploads\/2022\/07\/danmar-150x150.png 150w, https:\/\/distance-educator.erasmus.site\/wp-content\/uploads\/2022\/07\/danmar-24x24.png 24w, https:\/\/distance-educator.erasmus.site\/wp-content\/uploads\/2022\/07\/danmar-36x36.png 36w, https:\/\/distance-educator.erasmus.site\/wp-content\/uploads\/2022\/07\/danmar-48x48.png 48w\" sizes=\"(max-width: 300px) 100vw, 300px\" \/><\/h3>\n<h3 style=\"text-align: center;\"><strong>Danmar Computers &#8211; Lenkija<br \/>\n<\/strong><\/h3>\n<p>Danmar Computers LLC yra privati \u200b\u200b\u012fmon\u0117, veikianti informacini\u0173 technologij\u0173 srityje ir teikianti \u0161ios srities profesin\u012f mokym\u0105. Danmar turi didel\u0119 patirt\u012f kuriant modernias \u017einiatinklio ir mobili\u0105sias programas, naudojamas \u0161vietimo tikslais. Danmar taip pat turi ilgamet\u0119 patirt\u012f vykdant europinius projektus, kuri\u0173 metu \u012fmon\u0117s MTEP darbuotojai atlieka tyrimus ir rengia mokymus, pritaikytus \u012fvairi\u0173 besimokan\u010di\u0173j\u0173 poreikiams. Per 22 metus Danmar s\u0117kmingai \u012fgyvendino daugiau nei 100 projekt\u0173 pagal Grundtvig, Leonardo da Vinci, Progress ir Erasmus+. Daugelyje \u0161i\u0173 projekt\u0173 Danmaras buvo atsakingas u\u017e sklaidos strategij\u0173 k\u016brim\u0105 ir koordinavim\u0105.<br \/>\n\u201eDanmar Computers\u201c yra internetin\u0117s Europos projekt\u0173 valdymo sistemos \u201eAdminProject\u201c k\u016br\u0117ja ir teik\u0117ja. Visa \u012fmon\u0117s veikla paremta pla\u010diu ir nusistov\u0117jusiu bendradarbiavimo tinklu tiek nacionaliniu, tiek tarptautiniu lygiu. Nacionaliniai tinklai apima mokymo ir konsultavimo institucijas, universitetus, mokyklas, nevyriausybines organizacijas, taip pat privataus sektoriaus \u012fmones. Tarptautiniai tinklai apima \u012fvairaus profilio partnerius i\u0161 kiekvienos Europos S\u0105jungos \u0161alies. \u201eDanmar Computer\u201c misija yra skatinti vis\u0105 gyvenim\u0105 trunkant\u012f \u0161vietim\u0105 ir u\u017etikrinti vienodas galimybes gauti i\u0161silavinim\u0105 visiems, naudojant \u0161iuolaikines technologijas.<\/p>\n<p><strong>Interneto svetain\u0117: <\/strong><\/p>\n<p><a href=\"https:\/\/danmar-computers.com.pl\">https:\/\/danmar-computers.com.pl<\/a><\/p>\n<p><strong>Social Media:<\/strong><\/p>\n<p>Facebook: <a href=\"https:\/\/www.facebook.com\/pages\/Danmar-Computers\/144597388897753\">https:\/\/www.facebook.com\/pages\/Danmar-Computers\/144597388897753<\/a><\/p>\n<p>LinkedIn: <a href=\"https:\/\/www.linkedin.com\/company\/danmar-computers\">https:\/\/www.linkedin.com\/company\/danmar-computers<\/a><\/p>\n<p>Twitter: <a href=\"https:\/\/twitter.com\/DanmarComputers\">https:\/\/twitter.com\/DanmarComputers<\/a><\/p>\n<hr \/>\n<h3><img decoding=\"async\" class=\"wp-image-67 size-full aligncenter\" src=\"https:\/\/distance-educator.erasmus.site\/wp-content\/uploads\/2022\/07\/grantx.png\" alt=\"\" width=\"300\" height=\"300\" srcset=\"https:\/\/distance-educator.erasmus.site\/wp-content\/uploads\/2022\/07\/grantx.png 300w, https:\/\/distance-educator.erasmus.site\/wp-content\/uploads\/2022\/07\/grantx-150x150.png 150w, https:\/\/distance-educator.erasmus.site\/wp-content\/uploads\/2022\/07\/grantx-24x24.png 24w, https:\/\/distance-educator.erasmus.site\/wp-content\/uploads\/2022\/07\/grantx-36x36.png 36w, https:\/\/distance-educator.erasmus.site\/wp-content\/uploads\/2022\/07\/grantx-48x48.png 48w\" sizes=\"(max-width: 300px) 100vw, 300px\" \/><\/h3>\n<h3 style=\"text-align: center;\"><strong>GrantXpert Consulting &#8211; Kipras<br \/>\n<\/strong><\/h3>\n<p>GrantXpert Consulting yra Kipre \u012fsik\u016brusi MV\u012e, turinti daugiau nei 25 met\u0173 patirt\u012f Europos ir nacionalin\u0117se finansavimo programose. GrantXpert komanda turi didel\u0119 patirt\u012f, teikiant mokymo ir konsultavimo paslaugas vietos ir ES organizacijoms apie turimas l\u0117\u0161as, vykdant mokslinius tyrimus verslumo ir kitomis \u0161vietimo temomis bei kuriant novatori\u0161kas \u0161vietimo programas.<\/p>\n<p>\u012emon\u0117 \u012fkurta 2009 m., gavus subsidij\u0105 startuoti pagal nacionalin\u0119 program\u0105 \u201eNaujos moterys verslinink\u0117s\u201c. Nuo tada \u012fmon\u0117 pad\u0117jo daugeliui Kipro (priva\u010dioms ir valstybin\u0117ms) \u012fmon\u0117s, ne pelno organizacijoms, moksliniams tyrimams ir akademin\u0117ms organizacijoms bei savivaldyb\u0117ms gauti finansavim\u0105 i\u0161 Europos ir nacionalini\u0173 program\u0173. \u0160i\u0173 organizacij\u0173 gautas finansavimas padeda kurti inovatyvius produktus ir paslaugas tarptautin\u0117ms rinkoms, didinti j\u0173 konkurencingum\u0105, toliau augti, dalyvauti mokslini\u0173 tyrim\u0173 projektuose, diegti inovatyvias praktikas, kelti savo darbuotoj\u0173 kvalifikacij\u0105 ir \u012fg\u016bd\u017eius bei samdyti naujus darbuotojus. Per pastaruosius 10 met\u0173 GrantXpert pad\u0117jo daugeliui Kipro ir ES organizacij\u0173 gauti daugiau nei 20 mln. EUR i\u0161 finansuojam\u0173 program\u0173.<\/p>\n<p>Interneto svetain\u0117: <a href=\"https:\/\/www.grantxpert.eu\/\">https:\/\/www.grantxpert.eu\/<\/a><\/p>\n<p>Social Media: <a href=\"https:\/\/www.facebook.com\/GrantXpert\/\">https:\/\/www.facebook.com\/GrantXpert\/<\/a><\/p>\n<p><a href=\"https:\/\/www.linkedin.com\/company\/grantxpert-consulting-ltd\/\">https:\/\/www.linkedin.com\/company\/grantxpert-consulting-ltd\/<\/a><\/p>\n<p><a href=\"https:\/\/www.instagram.com\/grantxpert\/?hl=en&amp;__coig_restricted=1\">https:\/\/www.instagram.com\/grantxpert\/?hl=en&amp;__coig_restricted=1<\/a><\/p>\n<hr \/>\n<h3><img loading=\"lazy\" decoding=\"async\" class=\"wp-image-68 size-full aligncenter\" src=\"https:\/\/distance-educator.erasmus.site\/wp-content\/uploads\/2022\/07\/vmu.png\" alt=\"\" width=\"300\" height=\"300\" srcset=\"https:\/\/distance-educator.erasmus.site\/wp-content\/uploads\/2022\/07\/vmu.png 300w, https:\/\/distance-educator.erasmus.site\/wp-content\/uploads\/2022\/07\/vmu-150x150.png 150w, https:\/\/distance-educator.erasmus.site\/wp-content\/uploads\/2022\/07\/vmu-24x24.png 24w, https:\/\/distance-educator.erasmus.site\/wp-content\/uploads\/2022\/07\/vmu-36x36.png 36w, https:\/\/distance-educator.erasmus.site\/wp-content\/uploads\/2022\/07\/vmu-48x48.png 48w\" sizes=\"(max-width: 300px) 100vw, 300px\" \/><\/h3>\n<h3 style=\"text-align: center;\"><strong>Vytautas Magnus university \u2013 Lietuva <\/strong><\/h3>\n<p>Vytauto Did\u017eiojo universitetas yra pla\u010diausios apr\u0117pties auk\u0161toji mokykla Lietuvoje, turinti \u012fdomi\u0105 istorij\u0105, puosel\u0117janti ir t\u0119sianti brand\u017eias tradicijas, vaidinanti ypating\u0105 vaidmen\u012f ne tik Lietuvos, bet ir viso Baltijos regiono bei Europos intelektualin\u0117je bei kult\u016brin\u0117je erdv\u0117je. Universiteto bendruomen\u0119 vienija artes liberales, t. y. klasikinio laisv\u0173j\u0173 men\u0173 universiteto, id\u0117ja, \u0161iltas ir nuo\u0161irdus bendravimas, nuolat lydinti ir stiprinanti liberali humanistin\u0117 dvasia. Universiteto bendruomen\u0119 vienija artes liberales, t. y. klasikinio laisv\u0173j\u0173 men\u0173 universiteto, id\u0117ja, \u0161iltas ir nuo\u0161irdus bendravimas, nuolat lydinti ir stiprinanti liberali humanistin\u0117 dvasia. VDU patenka \u012f tarp 3 proc. geriausi\u0173 pasaulio universitet\u0173 kategorij\u0105. Universitete vykdomi humanitarini\u0173, socialini\u0173, fizini\u0173, biomedicinos, technologijos ir \u017eem\u0117s \u016bkio moksl\u0173 moksliniai tyrimai bei studijos. \u017dem\u0117s \u016bkis \u0161iuo metu vis labiau modernizuojamas, skaitmenizuojamas bei robotizuojamas, dirba globaliose rinkose, tod\u0117l ypatingos sinergijos tikimasi kuriant biotechnologijas. Universitetas si\u016blo de\u0161imtyje fakultet\u0173 39 bakalauro (3 i\u0161 j\u0173 \u2013 angl\u0173 kalba), 52 magistrant\u016bros (15 i\u0161 j\u0173 \u2013 angl\u0173 kalba), 15 podiplomini\u0173 studij\u0173 program\u0173, vientisosios teis\u0117s studijos bei 23 mokslo kryp\u010di\u0173 doktorant\u016bra. VDU bendradarbiauja su daugiau nei 370 universitet\u0173 visame pasaulyje, ir yra tarptautini\u0173 tinkl\u0173 ir organizacij\u0173 narys (EUA, EAIE, EDEN, BSRUN, AABS, IEEE, AMS, NISPAcee, ECPR ir kt.). VDU \u017dem\u0117s \u016bkio akademija \u2013 valstybin\u0117 auk\u0161tojo mokslo ir tyrim\u0173 institucija, nuolat tobulinanti savo veikl\u0105 ir tenkinanti auk\u0161\u010diausius visuomen\u0117s poreiki\u0173 l\u016bkes\u010dius. \u0160iuo metu joje mokosi per 1617 \u012fvairi\u0173 biomedicinos, technologij\u0173 ir socialini\u0173 moksl\u0173 studij\u0173 student\u0173. Tai vienintel\u0117 valstybin\u0117 auk\u0161toji mokslo ir tyrim\u0173 institucija Lietuvoje, suteikianti doktorant\u016bros, magistrant\u016bros ir bakalauro laipsnius maisto moksl\u0173, \u017eem\u0117s \u016bkio, mi\u0161kininkyst\u0117s, vandens ir \u017eem\u0117s i\u0161tekli\u0173 valdymo, bioenergetikos ir mechanikos in\u017einerijos, klimato kaitos, tausus gamtos i\u0161tekli\u0173 naudojimo mokslo srityse. \u0160ie laipsniai pripa\u017e\u012fstami visame pasaulyje ir turi auk\u0161\u010diausi\u0105 lygiaverti\u0161kumo standart\u0105.<\/p>\n<p><strong>Interneto svetain\u0117: <\/strong><\/p>\n<p>VMU &#8211; <a href=\"https:\/\/www.vdu.lt\/en\/\">https:\/\/www.vdu.lt\/en\/<\/a><\/p>\n<p>VMU Agriculture academy &#8211; <a href=\"https:\/\/zua.vdu.lt\/en\/\">https:\/\/zua.vdu.lt\/en\/<\/a><\/p>\n<p><strong>Social Media:<\/strong><\/p>\n<p>Facebook:<\/p>\n<p>VMU &#8211; <a href=\"https:\/\/www.facebook.com\/vytauto.didziojo.universitetas\">https:\/\/www.facebook.com\/vytauto.didziojo.universitetas<\/a><\/p>\n<p>VMU Agriculture academy &#8211; <a href=\"https:\/\/www.facebook.com\/VDU.zemes.ukio.akademija\">https:\/\/www.facebook.com\/VDU.zemes.ukio.akademija<\/a><\/p>\n<p>LinkedIn:<\/p>\n<p>VMU &#8211; <a href=\"https:\/\/www.linkedin.com\/school\/vytauto-did%C5%BEiojo-universitetas\/?fbclid=IwAR1Xile808_SpjKFdOt442ooO23DwEIp6oFo_6de2UK5WejcM8r7Enj2vFU\">https:\/\/www.linkedin.com\/school\/vytauto-did%C5%BEiojo-universitetas\/<\/a><\/p>\n<p>VMU Agriculture academy &#8211; <a href=\"https:\/\/www.linkedin.com\/company\/vdu-%C5%BEem%C4%97s-%C5%ABkio-akademija?fbclid=IwAR2xLAQbyyMqkdG7AmjToZNbkIf3A4eiwiSH2Ch8X1xJMQbYrIyMChtxjcE\">https:\/\/www.linkedin.com\/company\/vdu-%C5%BEem%C4%97s-%C5%ABkio-akademija<\/a><\/p>\n<hr \/>\n<h3><img loading=\"lazy\" decoding=\"async\" class=\"wp-image-70 size-full aligncenter\" src=\"https:\/\/distance-educator.erasmus.site\/wp-content\/uploads\/2022\/07\/ti-heraklon.png\" alt=\"\" width=\"300\" height=\"300\" srcset=\"https:\/\/distance-educator.erasmus.site\/wp-content\/uploads\/2022\/07\/ti-heraklon.png 300w, https:\/\/distance-educator.erasmus.site\/wp-content\/uploads\/2022\/07\/ti-heraklon-150x150.png 150w, https:\/\/distance-educator.erasmus.site\/wp-content\/uploads\/2022\/07\/ti-heraklon-24x24.png 24w, https:\/\/distance-educator.erasmus.site\/wp-content\/uploads\/2022\/07\/ti-heraklon-36x36.png 36w, https:\/\/distance-educator.erasmus.site\/wp-content\/uploads\/2022\/07\/ti-heraklon-48x48.png 48w\" sizes=\"(max-width: 300px) 100vw, 300px\" \/><\/h3>\n<h3 style=\"text-align: center;\"><strong>Technical Institute of Heraklion Chamber of Commerce and Industry &#8211; Graikija<\/strong><\/h3>\n<p>Herakliono r\u016bmai www.ebeh.gr yra vieni did\u017eiausi\u0173 Graikijos prekybos r\u016bm\u0173 (vieni i\u0161 penki\u0173 geriausi\u0173), vienijantys daugiau nei 20 000 nari\u0173 i\u0161 vis\u0173 vietos ekonomikos sektori\u0173. Herakliono r\u016bm\u0173 technikos institutas (TIHC) yra autonomin\u0117, pelno nesiekianti \u012fstaiga, \u012fkurta 1950 m. kaip Herakliono r\u016bm\u0173 dukterin\u0117 \u012fmon\u0117, gavusi Graikijos nacionalin\u0117s ekonomikos ministerijos dekret\u0105 1950 m. 2001 m. TIHC buvo sertifikuotas kaip Kretos regiono periferinis profesinio mokymo centras.<\/p>\n<p>Trumpai<\/p>\n<ul>\n<li>20 000 verslo nari\u0173 i\u0161 vis\u0173 vietin\u0117s ekonomikos sektori\u0173<\/li>\n<li>60 000 sta\u017euo\u010di\u0173 valand\u0173 per metus<\/li>\n<li>120 \u012fvairi\u0173 edukacini\u0173 program\u0173<\/li>\n<li>18 auk\u0161t\u0105 i\u0161silavinim\u0105 turin\u010di\u0173 darbuotoj\u0173 (doktorant\u016bros, magistrant\u016bros, MBA)<\/li>\n<li>500 rangov\u0173 pedagoginio personalo<\/li>\n<li>10 pilnai \u012frengt\u0173 25 viet\u0173 mokymo sali\u0173<\/li>\n<li>68 met\u0173 profesinio mokymo patirtis<\/li>\n<li>6 sertifikuoti atestai darbo kompiuteriu \u012fg\u016bd\u017ei\u0173, kalb\u0173, suvirinimo, transportavimo, maisto tvarkymo, darbo saugos srityse<\/li>\n<li>EST sertifikuotas narys<\/li>\n<li>Patyr\u0119s mink\u0161t\u0173j\u0173 \u012fg\u016bd\u017ei\u0173 mokymo ir tobulinimo paslaug\u0173 teik\u0117jas<\/li>\n<\/ul>\n<p>K\u0105 mes si\u016blome:<\/p>\n<p>THIC www.kattartisi.gr gali pasitarnauoti kaip puikus partneris sklaidos veikloje ES projektuose, \u012fskaitant kongres\u0173 ar konferencij\u0173 organizavim\u0105 Kretos saloje, dinami\u0161k\u0105 interneto svetaini\u0173 k\u016brim\u0105. Taip pat gali b\u016bti kaip partneris teikiant profesinio \u0161vietimo ir mokymo paslaugas \u012fvairiomis temomis, pradedant mink\u0161t\u0173j\u0173 \u012fg\u016bd\u017ei\u0173 ugdymu ir baigiant suaugusi\u0173j\u0173 mokymu.<\/p>\n<p><strong>Interneto svetain\u0117: <\/strong><\/p>\n<p><a href=\"https:\/\/www.katartisi.gr\/en\/\">https:\/\/www.katartisi.gr\/en\/<\/a><\/p>\n<p><strong>Social Media:<\/strong><\/p>\n<p>Facebook: <a href=\"https:\/\/www.facebook.com\/KekTechnikesScholes\">https:\/\/www.facebook.com\/KekTechnikesScholes<\/a><\/p>\n<p>LinkedIn: <a href=\"https:\/\/tinyurl.com\/4knajay6\">https:\/\/tinyurl.com\/4knajay6<\/a><\/p>","protected":false},"excerpt":{"rendered":"<p>Dimitrie Cantemir University of Targu Mures &#8211; Rumunija Adresas: Strada Bodoni S\u00e1ndor 3-5, TarguMure\u0219, RO PATVIRTINTA \u012fstatymo nr. 136\/2005, paskelbta Oficialiame leidinyje nr. 434\/20.05.2005 Universitetas Rumunijos \u0161vietimo srityje debiutavo 1991 m., b\u016bdamas pirmasis privatus universitetas Transilvanijoje ir antrasis Rumunijoje. Remdamasis vertyb\u0117mis, Dimitrie Cantemir universitetas u\u017eima svarbi\u0105 viet\u0105 Rumunijos \u0161vietimo-mokslo srityje. DCU nukreipia savo pastangas \u012f&hellip;&nbsp;<\/p>\n","protected":false},"author":1,"featured_media":0,"parent":0,"menu_order":0,"comment_status":"closed","ping_status":"closed","template":"","meta":{"neve_meta_sidebar":"","neve_meta_container":"","neve_meta_enable_content_width":"off","neve_meta_content_width":100,"neve_meta_title_alignment":"","neve_meta_author_avatar":"","neve_post_elements_order":"","neve_meta_disable_header":"","neve_meta_disable_footer":"","neve_meta_disable_title":"","footnotes":""},"class_list":["post-62","page","type-page","status-publish","hentry"],"_links":{"self":[{"href":"https:\/\/distance-educator.erasmus.site\/lt\/wp-json\/wp\/v2\/pages\/62","targetHints":{"allow":["GET"]}}],"collection":[{"href":"https:\/\/distance-educator.erasmus.site\/lt\/wp-json\/wp\/v2\/pages"}],"about":[{"href":"https:\/\/distance-educator.erasmus.site\/lt\/wp-json\/wp\/v2\/types\/page"}],"author":[{"embeddable":true,"href":"https:\/\/distance-educator.erasmus.site\/lt\/wp-json\/wp\/v2\/users\/1"}],"replies":[{"embeddable":true,"href":"https:\/\/distance-educator.erasmus.site\/lt\/wp-json\/wp\/v2\/comments?post=62"}],"version-history":[{"count":10,"href":"https:\/\/distance-educator.erasmus.site\/lt\/wp-json\/wp\/v2\/pages\/62\/revisions"}],"predecessor-version":[{"id":163,"href":"https:\/\/distance-educator.erasmus.site\/lt\/wp-json\/wp\/v2\/pages\/62\/revisions\/163"}],"wp:attachment":[{"href":"https:\/\/distance-educator.erasmus.site\/lt\/wp-json\/wp\/v2\/media?parent=62"}],"curies":[{"name":"wp","href":"https:\/\/api.w.org\/{rel}","templated":true}]}}